{"id":2646,"date":"2015-05-19T10:58:43","date_gmt":"2015-05-19T16:58:43","guid":{"rendered":"http:\/\/nicoyaproperties.com\/tajalin\/?page_id=2646"},"modified":"2015-05-19T10:58:43","modified_gmt":"2015-05-19T16:58:43","slug":"eco-turismo","status":"publish","type":"page","link":"https:\/\/tajalin.com\/it\/eco-turismo\/","title":{"rendered":"Eco-Turismo"},"content":{"rendered":"<div align=\"left\">\n<table width=\"180\" border=\"0\" cellspacing=\"2\" cellpadding=\"0\" align=\"right\">\n<tbody>\n<tr>\n<td><img loading=\"lazy\" decoding=\"async\" src=\"https:\/\/moondog-hosting.com\/tajalin\/it_images\/left_image.gif\" alt=\"\" height=\"157\" width=\"44\" border=\"0\"><\/td>\n<td><img loading=\"lazy\" decoding=\"async\" src=\"https:\/\/moondog-hosting.com\/tajalin\/it_images\/img_eco.jpg\" alt=\"\" height=\"157\" width=\"208\" border=\"0\"><\/td>\n<td><img loading=\"lazy\" decoding=\"async\" src=\"https:\/\/moondog-hosting.com\/tajalin\/it_images\/right_image.gif\" alt=\"\" height=\"157\" width=\"12\" border=\"0\"><\/td>\n<\/tr>\n<\/tbody>\n<\/table>\n<h4>Riserva nazionale assoluta di Capo Blanco<\/h4>\n<p>Uno dei luoghi pi\u00f9 visitati \u00e8 senza dubbio la Riserva nazionale assoluta di Capo Blanco. Distante da Montezuma 9 chilometri, con pi\u00f9 di 1000 ettari \u00e8 popolata da scimmie e da una immensa variet\u00e0 di fauna tropicale che trovano rifugio in quest\u2019oasi che racchiude pi\u00f9 di 119 specie di &#8220;sempreverdi&#8221; ed \u00e8 facilmente raggiungibile da Montezuma.<\/p>\n<ul>\n<li>Altri tours comprendono l\u2019Isola di Tortuga, che con le sue acque trasparenti \u00e8 il luogo ideale per vedere da vicino straordinarie variet\u00e0 di pesci tropicali\n\t\t\t\t\t<\/li>\n<li>La cascata di Montezuma\n\t\t\t\t\t<\/li>\n<li>Passeggiate a cavallo\n\t\t\t\t\t<\/li>\n<li>Immersioni.\n\t\t\t\t<\/li>\n<\/ul><\/div>\n","protected":false},"excerpt":{"rendered":"<p>Riserva nazionale assoluta di Capo Blanco Uno dei luoghi pi\u00f9 visitati \u00e8 senza dubbio la Riserva nazionale assoluta di Capo Blanco. Distante da Montezuma 9 chilometri, con pi\u00f9 di 1000 [&hellip;]<\/p>\n","protected":false},"author":1,"featured_media":0,"parent":0,"menu_order":0,"comment_status":"closed","ping_status":"closed","template":"","meta":{"_et_pb_use_builder":"","_et_pb_old_content":"","_et_gb_content_width":"","footnotes":""},"class_list":["post-2646","page","type-page","status-publish","hentry"],"yoast_head":"<!-- This site is optimized with the Yoast SEO plugin v27.2 - https:\/\/yoast.com\/product\/yoast-seo-wordpress\/ -->\n<title>Eco-Turismo - Hotel El Tajalin - Montezuma, Costa Rica<\/title>\n<meta name=\"robots\" content=\"index, follow, max-snippet:-1, max-image-preview:large, max-video-preview:-1\" \/>\n<link rel=\"canonical\" href=\"https:\/\/tajalin.com\/it\/eco-turismo\/\" \/>\n<meta property=\"og:locale\" content=\"it_IT\" \/>\n<meta property=\"og:type\" content=\"article\" \/>\n<meta property=\"og:title\" content=\"Eco-Turismo - Hotel El Tajalin - Montezuma, Costa Rica\" \/>\n<meta property=\"og:description\" content=\"Riserva nazionale assoluta di Capo Blanco Uno dei luoghi pi\u00f9 visitati \u00e8 senza dubbio la Riserva nazionale assoluta di Capo Blanco. Distante da Montezuma 9 chilometri, con pi\u00f9 di 1000 [&hellip;]\" \/>\n<meta property=\"og:url\" content=\"https:\/\/tajalin.com\/it\/eco-turismo\/\" \/>\n<meta property=\"og:site_name\" content=\"Hotel El Tajalin - Montezuma, Costa Rica\" \/>\n<meta property=\"og:image\" content=\"https:\/\/moondog-hosting.com\/tajalin\/it_images\/left_image.gif\" \/>\n<meta name=\"twitter:card\" content=\"summary_large_image\" \/>\n<script type=\"application\/ld+json\" class=\"yoast-schema-graph\">{\"@context\":\"https:\/\/schema.org\",\"@graph\":[{\"@type\":\"WebPage\",\"@id\":\"https:\/\/tajalin.com\/it\/eco-turismo\/\",\"url\":\"https:\/\/tajalin.com\/it\/eco-turismo\/\",\"name\":\"Eco-Turismo - Hotel El Tajalin - Montezuma, Costa Rica\",\"isPartOf\":{\"@id\":\"https:\/\/tajalin.com\/it\/#website\"},\"primaryImageOfPage\":{\"@id\":\"https:\/\/tajalin.com\/it\/eco-turismo\/#primaryimage\"},\"image\":{\"@id\":\"https:\/\/tajalin.com\/it\/eco-turismo\/#primaryimage\"},\"thumbnailUrl\":\"https:\/\/moondog-hosting.com\/tajalin\/it_images\/left_image.gif\",\"datePublished\":\"2015-05-19T16:58:43+00:00\",\"breadcrumb\":{\"@id\":\"https:\/\/tajalin.com\/it\/eco-turismo\/#breadcrumb\"},\"inLanguage\":\"it-IT\",\"potentialAction\":[{\"@type\":\"ReadAction\",\"target\":[\"https:\/\/tajalin.com\/it\/eco-turismo\/\"]}]},{\"@type\":\"ImageObject\",\"inLanguage\":\"it-IT\",\"@id\":\"https:\/\/tajalin.com\/it\/eco-turismo\/#primaryimage\",\"url\":\"https:\/\/moondog-hosting.com\/tajalin\/it_images\/left_image.gif\",\"contentUrl\":\"https:\/\/moondog-hosting.com\/tajalin\/it_images\/left_image.gif\"},{\"@type\":\"BreadcrumbList\",\"@id\":\"https:\/\/tajalin.com\/it\/eco-turismo\/#breadcrumb\",\"itemListElement\":[{\"@type\":\"ListItem\",\"position\":1,\"name\":\"Home\",\"item\":\"https:\/\/tajalin.com\/it\/\"},{\"@type\":\"ListItem\",\"position\":2,\"name\":\"Eco-Turismo\"}]},{\"@type\":\"WebSite\",\"@id\":\"https:\/\/tajalin.com\/it\/#website\",\"url\":\"https:\/\/tajalin.com\/it\/\",\"name\":\"Hotel El Tajalin - Montezuma, Costa Rica\",\"description\":\"Alloggi di qualit\u00e0 a Montezuma, Puntarenas, Costa Rica\",\"potentialAction\":[{\"@type\":\"SearchAction\",\"target\":{\"@type\":\"EntryPoint\",\"urlTemplate\":\"https:\/\/tajalin.com\/it\/?s={search_term_string}\"},\"query-input\":{\"@type\":\"PropertyValueSpecification\",\"valueRequired\":true,\"valueName\":\"search_term_string\"}}],\"inLanguage\":\"it-IT\"}]}<\/script>\n<!-- \/ Yoast SEO plugin. -->","yoast_head_json":{"title":"Eco-Turismo - Hotel El Tajalin - Montezuma, Costa Rica","robots":{"index":"index","follow":"follow","max-snippet":"max-snippet:-1","max-image-preview":"max-image-preview:large","max-video-preview":"max-video-preview:-1"},"canonical":"https:\/\/tajalin.com\/it\/eco-turismo\/","og_locale":"it_IT","og_type":"article","og_title":"Eco-Turismo - Hotel El Tajalin - Montezuma, Costa Rica","og_description":"Riserva nazionale assoluta di Capo Blanco Uno dei luoghi pi\u00f9 visitati \u00e8 senza dubbio la Riserva nazionale assoluta di Capo Blanco. Distante da Montezuma 9 chilometri, con pi\u00f9 di 1000 [&hellip;]","og_url":"https:\/\/tajalin.com\/it\/eco-turismo\/","og_site_name":"Hotel El Tajalin - Montezuma, Costa Rica","og_image":[{"url":"https:\/\/moondog-hosting.com\/tajalin\/it_images\/left_image.gif","type":"","width":"","height":""}],"twitter_card":"summary_large_image","schema":{"@context":"https:\/\/schema.org","@graph":[{"@type":"WebPage","@id":"https:\/\/tajalin.com\/it\/eco-turismo\/","url":"https:\/\/tajalin.com\/it\/eco-turismo\/","name":"Eco-Turismo - Hotel El Tajalin - Montezuma, Costa Rica","isPartOf":{"@id":"https:\/\/tajalin.com\/it\/#website"},"primaryImageOfPage":{"@id":"https:\/\/tajalin.com\/it\/eco-turismo\/#primaryimage"},"image":{"@id":"https:\/\/tajalin.com\/it\/eco-turismo\/#primaryimage"},"thumbnailUrl":"https:\/\/moondog-hosting.com\/tajalin\/it_images\/left_image.gif","datePublished":"2015-05-19T16:58:43+00:00","breadcrumb":{"@id":"https:\/\/tajalin.com\/it\/eco-turismo\/#breadcrumb"},"inLanguage":"it-IT","potentialAction":[{"@type":"ReadAction","target":["https:\/\/tajalin.com\/it\/eco-turismo\/"]}]},{"@type":"ImageObject","inLanguage":"it-IT","@id":"https:\/\/tajalin.com\/it\/eco-turismo\/#primaryimage","url":"https:\/\/moondog-hosting.com\/tajalin\/it_images\/left_image.gif","contentUrl":"https:\/\/moondog-hosting.com\/tajalin\/it_images\/left_image.gif"},{"@type":"BreadcrumbList","@id":"https:\/\/tajalin.com\/it\/eco-turismo\/#breadcrumb","itemListElement":[{"@type":"ListItem","position":1,"name":"Home","item":"https:\/\/tajalin.com\/it\/"},{"@type":"ListItem","position":2,"name":"Eco-Turismo"}]},{"@type":"WebSite","@id":"https:\/\/tajalin.com\/it\/#website","url":"https:\/\/tajalin.com\/it\/","name":"Hotel El Tajalin - Montezuma, Costa Rica","description":"Alloggi di qualit\u00e0 a Montezuma, Puntarenas, Costa Rica","potentialAction":[{"@type":"SearchAction","target":{"@type":"EntryPoint","urlTemplate":"https:\/\/tajalin.com\/it\/?s={search_term_string}"},"query-input":{"@type":"PropertyValueSpecification","valueRequired":true,"valueName":"search_term_string"}}],"inLanguage":"it-IT"}]}},"_links":{"self":[{"href":"https:\/\/tajalin.com\/it\/wp-json\/wp\/v2\/pages\/2646","targetHints":{"allow":["GET"]}}],"collection":[{"href":"https:\/\/tajalin.com\/it\/wp-json\/wp\/v2\/pages"}],"about":[{"href":"https:\/\/tajalin.com\/it\/wp-json\/wp\/v2\/types\/page"}],"author":[{"embeddable":true,"href":"https:\/\/tajalin.com\/it\/wp-json\/wp\/v2\/users\/1"}],"replies":[{"embeddable":true,"href":"https:\/\/tajalin.com\/it\/wp-json\/wp\/v2\/comments?post=2646"}],"version-history":[{"count":1,"href":"https:\/\/tajalin.com\/it\/wp-json\/wp\/v2\/pages\/2646\/revisions"}],"predecessor-version":[{"id":2648,"href":"https:\/\/tajalin.com\/it\/wp-json\/wp\/v2\/pages\/2646\/revisions\/2648"}],"wp:attachment":[{"href":"https:\/\/tajalin.com\/it\/wp-json\/wp\/v2\/media?parent=2646"}],"curies":[{"name":"wp","href":"https:\/\/api.w.org\/{rel}","templated":true}]}}