{"id":2591,"date":"2015-05-05T18:20:57","date_gmt":"2015-05-06T00:20:57","guid":{"rendered":"http:\/\/nicoyaproperties.com\/tajalin\/?page_id=2591"},"modified":"2026-03-14T14:22:08","modified_gmt":"2026-03-14T20:22:08","slug":"inizio","status":"publish","type":"page","link":"https:\/\/tajalin.com\/it\/","title":{"rendered":"L\u2019Hotel El Tajal\u00edn &#8211; hotel Montezuma Costa Rica"},"content":{"rendered":"<table width=\"184\" border=\"0\" cellspacing=\"0\" cellpadding=\"0\" align=\"right\" style=\"width: 184px; float: right; border: none;\">\n<tbody>\n<tr>\n<td><img loading=\"lazy\" decoding=\"async\" src=\"\/tajalin\/it_images\/img_entrada.jpg\" alt=\"\" height=\"157\" width=\"208\" border=\"0\"><\/td>\n<\/tr>\n<\/tbody>\n<\/table>\n<p><span class='et-dropcap'>L<\/span>\u2019Hotel El Tajalin hotel Montezuma Costa Rica \u00e8 situato nel centro di Montezuma a circa 200 metri dal mare, localit\u00e0 che per la sua esuberante bellezza e stile di vita rappresenta una meta obbligata per coloro che cercano spiaggie di sabbia bianca dove scorrono fiumi, cascate e la fauna \u00e8 rappresentata da scimmie, scoiattoli, iguane, pappagalli , pellicani e altre specie tropicali. L\u2019Hotel dispone inoltre di:<\/p>\n<ul>\n<li>Escursioni alle cascate e all\u2019Isola di Tortuga\n          <\/li>\n<li> Stanze Standard e Superiori\n          <\/li>\n<li>Stanze Superiori con cassaforte elettronica e frigo\n          <\/li>\n<li>Servizio taxi all\u2019aereoporto di Tambor e aeroporto di C\u00f3bano\n          <\/li>\n<li>Trasporto dall&#8217;aereoporto internazionale Juan Santamaria o qualunque<br \/>\n            hotel della capitale diretto a Montezuma\n          <\/li>\n<li>Area WiFi gratuita\n          \t    <\/li>\n<\/ul>\n<h4>Cosa dicono le guide del Hotel El Tajalin: <\/h4>\n<p><em>COSTA RICA GUIDE<\/em>, Open Road Publishing, Paul Glassman:<br \/>\n\t  <em>&#8220;Hotel El Tajal\u00ecn: un hotel gradevole con stanze di buone dimensioni: un &#8216;ottima scelta se volete stare nel cuore di Montezuma&#8230;&#8221;<\/em><\/p>\n<table width=\"180\" border=\"0\" cellspacing=\"2\" cellpadding=\"0\" align=\"right\" style=\"width: 184px; float: right; border: none;\">\n<tbody>\n<tr>\n<td><img loading=\"lazy\" decoding=\"async\" src=\"\/tajalin\/it_images\/img_info.jpg\" alt=\"\" height=\"157\" width=\"208\" border=\"0\"><\/td>\n<\/tr>\n<\/tbody>\n<\/table>\n<h4>Alcuni commenti sul nostro hotel Montezuma Costa Rica<\/h4>\n<p><em>THE NEW KEY TO COSTA RICA<\/em>, Beatrice Blake, Anne Becher, Ulysses Press:<br \/>\n\t\t  <em>&#8220;&#8230;abbiamo sentito parlare molto bene dell&#8217;Hotel El Tajal\u00ecn&#8230;&#8221;<\/em><\/p>\n<p>\t\t\t\tLonely Planet:<br \/>\n          <em>&#8220;&#8230;uno degli hotel pi\u00f9 recenti \u00e8 El Tajal\u00ecn, con stanze belle e pulite&#8230;&#8221;<\/em><\/p>\n<p>\t\t\t\t<em>EXPLORING COSTA RICA 2001<\/em>, The Tico Times:<br \/>\n          <em>&#8220;&#8230;alcune stanze sono grandi con un bel pavimento in legno&#8230;&#8221;<\/em><\/p>\n<h4>Accettiamo il pagamento tramite le carte di credito Visa, Mastercard, American Express e PayPal.<\/h4>\n<p>&nbsp;<\/p>\n<div style=\"display:none;\">\n[accommodation parent=&#8221;1940&#8243; count=&#8221;4&#8243; paging=&#8221;false&#8221;]<\/p>\n<p>[offer parent=&#8221;1824&#8243; count=&#8221;3&#8243; paging=&#8221;false&#8221;]\n<\/p><\/div>\n","protected":false},"excerpt":{"rendered":"<p>\u2019Hotel El Tajalin hotel Montezuma Costa Rica \u00e8 situato nel centro di Montezuma a circa 200 metri dal mare, localit\u00e0 che per la sua esuberante bellezza e stile di vita [&hellip;]<\/p>\n","protected":false},"author":1,"featured_media":0,"parent":0,"menu_order":0,"comment_status":"closed","ping_status":"closed","template":"","meta":{"_et_pb_use_builder":"","_et_pb_old_content":"","_et_gb_content_width":"","footnotes":""},"class_list":["post-2591","page","type-page","status-publish","hentry"],"yoast_head":"<!-- This site is optimized with the Yoast SEO plugin v27.2 - https:\/\/yoast.com\/product\/yoast-seo-wordpress\/ -->\n<title>L\u2019Hotel El Tajal\u00edn - hotel Montezuma Costa Rica<\/title>\n<meta name=\"description\" content=\"L\u2019Hotel El Tajalin hotel Montezuma Costa Rica \u00e8 situato nel centro di Montezuma a circa 200 metri dal mare.\" \/>\n<meta name=\"robots\" content=\"index, follow, max-snippet:-1, max-image-preview:large, max-video-preview:-1\" \/>\n<link rel=\"canonical\" href=\"https:\/\/tajalin.com\/it\/\" \/>\n<meta property=\"og:locale\" content=\"it_IT\" \/>\n<meta property=\"og:type\" content=\"article\" \/>\n<meta property=\"og:title\" content=\"L\u2019Hotel El Tajal\u00edn - hotel Montezuma Costa Rica\" \/>\n<meta property=\"og:description\" content=\"L\u2019Hotel El Tajalin hotel Montezuma Costa Rica \u00e8 situato nel centro di Montezuma a circa 200 metri dal mare.\" \/>\n<meta property=\"og:url\" content=\"https:\/\/tajalin.com\/it\/\" \/>\n<meta property=\"og:site_name\" content=\"Hotel El Tajalin - Montezuma, Costa Rica\" \/>\n<meta property=\"article:modified_time\" content=\"2026-03-14T20:22:08+00:00\" \/>\n<meta name=\"twitter:card\" content=\"summary_large_image\" \/>\n<meta name=\"twitter:label1\" content=\"Tempo di lettura stimato\" \/>\n\t<meta name=\"twitter:data1\" content=\"2 minutes\" \/>\n<script type=\"application\/ld+json\" class=\"yoast-schema-graph\">{\"@context\":\"https:\/\/schema.org\",\"@graph\":[{\"@type\":\"WebPage\",\"@id\":\"https:\/\/tajalin.com\/it\/\",\"url\":\"https:\/\/tajalin.com\/it\/\",\"name\":\"L\u2019Hotel El Tajal\u00edn - hotel Montezuma Costa Rica\",\"isPartOf\":{\"@id\":\"https:\/\/tajalin.com\/it\/#website\"},\"datePublished\":\"2015-05-06T00:20:57+00:00\",\"dateModified\":\"2026-03-14T20:22:08+00:00\",\"description\":\"L\u2019Hotel El Tajalin hotel Montezuma Costa Rica \u00e8 situato nel centro di Montezuma a circa 200 metri dal mare.\",\"breadcrumb\":{\"@id\":\"https:\/\/tajalin.com\/it\/#breadcrumb\"},\"inLanguage\":\"it-IT\",\"potentialAction\":[{\"@type\":\"ReadAction\",\"target\":[\"https:\/\/tajalin.com\/it\/\"]}]},{\"@type\":\"BreadcrumbList\",\"@id\":\"https:\/\/tajalin.com\/it\/#breadcrumb\",\"itemListElement\":[{\"@type\":\"ListItem\",\"position\":1,\"name\":\"Home\",\"item\":\"https:\/\/tajalin.com\/it\/\"},{\"@type\":\"ListItem\",\"position\":2,\"name\":\"L\u2019Hotel El Tajal\u00edn &#8211; hotel Montezuma Costa Rica\"}]},{\"@type\":\"WebSite\",\"@id\":\"https:\/\/tajalin.com\/it\/#website\",\"url\":\"https:\/\/tajalin.com\/it\/\",\"name\":\"Hotel El Tajalin - Montezuma, Costa Rica\",\"description\":\"Alloggi di qualit\u00e0 a Montezuma, Puntarenas, Costa Rica\",\"potentialAction\":[{\"@type\":\"SearchAction\",\"target\":{\"@type\":\"EntryPoint\",\"urlTemplate\":\"https:\/\/tajalin.com\/it\/?s={search_term_string}\"},\"query-input\":{\"@type\":\"PropertyValueSpecification\",\"valueRequired\":true,\"valueName\":\"search_term_string\"}}],\"inLanguage\":\"it-IT\"}]}<\/script>\n<!-- \/ Yoast SEO plugin. -->","yoast_head_json":{"title":"L\u2019Hotel El Tajal\u00edn - hotel Montezuma Costa Rica","description":"L\u2019Hotel El Tajalin hotel Montezuma Costa Rica \u00e8 situato nel centro di Montezuma a circa 200 metri dal mare.","robots":{"index":"index","follow":"follow","max-snippet":"max-snippet:-1","max-image-preview":"max-image-preview:large","max-video-preview":"max-video-preview:-1"},"canonical":"https:\/\/tajalin.com\/it\/","og_locale":"it_IT","og_type":"article","og_title":"L\u2019Hotel El Tajal\u00edn - hotel Montezuma Costa Rica","og_description":"L\u2019Hotel El Tajalin hotel Montezuma Costa Rica \u00e8 situato nel centro di Montezuma a circa 200 metri dal mare.","og_url":"https:\/\/tajalin.com\/it\/","og_site_name":"Hotel El Tajalin - Montezuma, Costa Rica","article_modified_time":"2026-03-14T20:22:08+00:00","twitter_card":"summary_large_image","twitter_misc":{"Tempo di lettura stimato":"2 minutes"},"schema":{"@context":"https:\/\/schema.org","@graph":[{"@type":"WebPage","@id":"https:\/\/tajalin.com\/it\/","url":"https:\/\/tajalin.com\/it\/","name":"L\u2019Hotel El Tajal\u00edn - hotel Montezuma Costa Rica","isPartOf":{"@id":"https:\/\/tajalin.com\/it\/#website"},"datePublished":"2015-05-06T00:20:57+00:00","dateModified":"2026-03-14T20:22:08+00:00","description":"L\u2019Hotel El Tajalin hotel Montezuma Costa Rica \u00e8 situato nel centro di Montezuma a circa 200 metri dal mare.","breadcrumb":{"@id":"https:\/\/tajalin.com\/it\/#breadcrumb"},"inLanguage":"it-IT","potentialAction":[{"@type":"ReadAction","target":["https:\/\/tajalin.com\/it\/"]}]},{"@type":"BreadcrumbList","@id":"https:\/\/tajalin.com\/it\/#breadcrumb","itemListElement":[{"@type":"ListItem","position":1,"name":"Home","item":"https:\/\/tajalin.com\/it\/"},{"@type":"ListItem","position":2,"name":"L\u2019Hotel El Tajal\u00edn &#8211; hotel Montezuma Costa Rica"}]},{"@type":"WebSite","@id":"https:\/\/tajalin.com\/it\/#website","url":"https:\/\/tajalin.com\/it\/","name":"Hotel El Tajalin - Montezuma, Costa Rica","description":"Alloggi di qualit\u00e0 a Montezuma, Puntarenas, Costa Rica","potentialAction":[{"@type":"SearchAction","target":{"@type":"EntryPoint","urlTemplate":"https:\/\/tajalin.com\/it\/?s={search_term_string}"},"query-input":{"@type":"PropertyValueSpecification","valueRequired":true,"valueName":"search_term_string"}}],"inLanguage":"it-IT"}]}},"_links":{"self":[{"href":"https:\/\/tajalin.com\/it\/wp-json\/wp\/v2\/pages\/2591","targetHints":{"allow":["GET"]}}],"collection":[{"href":"https:\/\/tajalin.com\/it\/wp-json\/wp\/v2\/pages"}],"about":[{"href":"https:\/\/tajalin.com\/it\/wp-json\/wp\/v2\/types\/page"}],"author":[{"embeddable":true,"href":"https:\/\/tajalin.com\/it\/wp-json\/wp\/v2\/users\/1"}],"replies":[{"embeddable":true,"href":"https:\/\/tajalin.com\/it\/wp-json\/wp\/v2\/comments?post=2591"}],"version-history":[{"count":14,"href":"https:\/\/tajalin.com\/it\/wp-json\/wp\/v2\/pages\/2591\/revisions"}],"predecessor-version":[{"id":3050,"href":"https:\/\/tajalin.com\/it\/wp-json\/wp\/v2\/pages\/2591\/revisions\/3050"}],"wp:attachment":[{"href":"https:\/\/tajalin.com\/it\/wp-json\/wp\/v2\/media?parent=2591"}],"curies":[{"name":"wp","href":"https:\/\/api.w.org\/{rel}","templated":true}]}}