{"id":2644,"date":"2015-05-19T10:56:18","date_gmt":"2015-05-19T16:56:18","guid":{"rendered":"http:\/\/nicoyaproperties.com\/tajalin\/?page_id=2644"},"modified":"2015-05-19T10:56:41","modified_gmt":"2015-05-19T16:56:41","slug":"eco-turismo","status":"publish","type":"page","link":"https:\/\/tajalin.com\/es\/eco-turismo\/","title":{"rendered":"Eco-Turismo"},"content":{"rendered":"<div align=\"left\">\n<div align=\"left\">\n<table width=\"180\" border=\"0\" cellspacing=\"2\" cellpadding=\"0\" align=\"right\">\n<tbody>\n<tr>\n<td><img loading=\"lazy\" decoding=\"async\" src=\"https:\/\/moondog-hosting.com\/tajalin\/es_images\/left_image.gif\" alt=\"\" height=\"157\" width=\"44\" border=\"0\"><\/td>\n<td><img loading=\"lazy\" decoding=\"async\" src=\"https:\/\/moondog-hosting.com\/tajalin\/es_images\/img_eco.jpg\" alt=\"\" height=\"157\" width=\"208\" border=\"0\"><\/td>\n<td><img loading=\"lazy\" decoding=\"async\" src=\"https:\/\/moondog-hosting.com\/tajalin\/es_images\/right_image.gif\" alt=\"\" height=\"157\" width=\"12\" border=\"0\"><\/td>\n<\/tr>\n<\/tbody>\n<\/table>\n<h4>RESERVA NATURAL ABSOLUTA CABO BLANCO<\/h4>\n<p>Ubicado en el extremo Sur de la Pen\u00ednsula de Nicoya, a s\u00f3lo 9 Km de Montezuma y con mas de 1000 H\u00e1 se encuentra la Reserva Natural Absoluta de Cabo Blanco, que sirve de h\u00e1bitat para muchas especies de animales, verdadero patrimonio Nacional donde se encuentra la poblaci\u00f3n m\u00e1s grande de piqueros morenos en toda la costa Pac\u00edfica de Costa Rica.<\/p>\n<\/p><\/div>\n<h4>CASCADA DE MONTEZUMA<\/h4>\n<p>La Cascada de Montezuma se encuentra a mas \u00f3 menos 15 minutos caminando del centro de Montezuma, es una impresionante ca\u00edda de mas de 25 metros de altitud y rodeada de una densa vegetaci\u00f3n tropical.<\/p>\n<h4>TOURS A CABALLO<\/h4>\n<p>Desde Montezuma usted podr\u00e1 visitar la cascada EL CHORRO a m\u00e1s o menos 5 Km al Norte de Montezuma a lo largo de la playa, consiste en una ca\u00edda de agua directamente en el mar.<\/p>\n<\/p><\/div>\n","protected":false},"excerpt":{"rendered":"<p>RESERVA NATURAL ABSOLUTA CABO BLANCO Ubicado en el extremo Sur de la Pen\u00ednsula de Nicoya, a s\u00f3lo 9 Km de Montezuma y con mas de 1000 H\u00e1 se encuentra la [&hellip;]<\/p>\n","protected":false},"author":1,"featured_media":0,"parent":0,"menu_order":0,"comment_status":"closed","ping_status":"closed","template":"","meta":{"_et_pb_use_builder":"","_et_pb_old_content":"","_et_gb_content_width":"","footnotes":""},"class_list":["post-2644","page","type-page","status-publish","hentry"],"yoast_head":"<!-- This site is optimized with the Yoast SEO plugin v27.2 - https:\/\/yoast.com\/product\/yoast-seo-wordpress\/ -->\n<title>Eco-Turismo - Hotel El Tajalin - Montezuma, Costa Rica<\/title>\n<meta name=\"robots\" content=\"index, follow, max-snippet:-1, max-image-preview:large, max-video-preview:-1\" \/>\n<link rel=\"canonical\" href=\"https:\/\/tajalin.com\/es\/eco-turismo\/\" \/>\n<meta property=\"og:locale\" content=\"es_ES\" \/>\n<meta property=\"og:type\" content=\"article\" \/>\n<meta property=\"og:title\" content=\"Eco-Turismo - Hotel El Tajalin - Montezuma, Costa Rica\" \/>\n<meta property=\"og:description\" content=\"RESERVA NATURAL ABSOLUTA CABO BLANCO Ubicado en el extremo Sur de la Pen\u00ednsula de Nicoya, a s\u00f3lo 9 Km de Montezuma y con mas de 1000 H\u00e1 se encuentra la [&hellip;]\" \/>\n<meta property=\"og:url\" content=\"https:\/\/tajalin.com\/es\/eco-turismo\/\" \/>\n<meta property=\"og:site_name\" content=\"Hotel El Tajalin - Montezuma, Costa Rica\" \/>\n<meta property=\"article:modified_time\" content=\"2015-05-19T16:56:41+00:00\" \/>\n<meta property=\"og:image\" content=\"https:\/\/moondog-hosting.com\/tajalin\/es_images\/left_image.gif\" \/>\n<meta name=\"twitter:card\" content=\"summary_large_image\" \/>\n<meta name=\"twitter:label1\" content=\"Tiempo de lectura\" \/>\n\t<meta name=\"twitter:data1\" content=\"1 minute\" \/>\n<script type=\"application\/ld+json\" class=\"yoast-schema-graph\">{\"@context\":\"https:\/\/schema.org\",\"@graph\":[{\"@type\":\"WebPage\",\"@id\":\"https:\/\/tajalin.com\/es\/eco-turismo\/\",\"url\":\"https:\/\/tajalin.com\/es\/eco-turismo\/\",\"name\":\"Eco-Turismo - Hotel El Tajalin - Montezuma, Costa Rica\",\"isPartOf\":{\"@id\":\"https:\/\/tajalin.com\/es\/#website\"},\"primaryImageOfPage\":{\"@id\":\"https:\/\/tajalin.com\/es\/eco-turismo\/#primaryimage\"},\"image\":{\"@id\":\"https:\/\/tajalin.com\/es\/eco-turismo\/#primaryimage\"},\"thumbnailUrl\":\"https:\/\/moondog-hosting.com\/tajalin\/es_images\/left_image.gif\",\"datePublished\":\"2015-05-19T16:56:18+00:00\",\"dateModified\":\"2015-05-19T16:56:41+00:00\",\"breadcrumb\":{\"@id\":\"https:\/\/tajalin.com\/es\/eco-turismo\/#breadcrumb\"},\"inLanguage\":\"es-ES\",\"potentialAction\":[{\"@type\":\"ReadAction\",\"target\":[\"https:\/\/tajalin.com\/es\/eco-turismo\/\"]}]},{\"@type\":\"ImageObject\",\"inLanguage\":\"es-ES\",\"@id\":\"https:\/\/tajalin.com\/es\/eco-turismo\/#primaryimage\",\"url\":\"https:\/\/moondog-hosting.com\/tajalin\/es_images\/left_image.gif\",\"contentUrl\":\"https:\/\/moondog-hosting.com\/tajalin\/es_images\/left_image.gif\"},{\"@type\":\"BreadcrumbList\",\"@id\":\"https:\/\/tajalin.com\/es\/eco-turismo\/#breadcrumb\",\"itemListElement\":[{\"@type\":\"ListItem\",\"position\":1,\"name\":\"Home\",\"item\":\"https:\/\/tajalin.com\/es\/\"},{\"@type\":\"ListItem\",\"position\":2,\"name\":\"Eco-Turismo\"}]},{\"@type\":\"WebSite\",\"@id\":\"https:\/\/tajalin.com\/es\/#website\",\"url\":\"https:\/\/tajalin.com\/es\/\",\"name\":\"Hotel El Tajalin - Montezuma, Costa Rica\",\"description\":\"Alojamiento de alta calidad en Montezuma, Puntarenas, Costa Rica\",\"potentialAction\":[{\"@type\":\"SearchAction\",\"target\":{\"@type\":\"EntryPoint\",\"urlTemplate\":\"https:\/\/tajalin.com\/es\/?s={search_term_string}\"},\"query-input\":{\"@type\":\"PropertyValueSpecification\",\"valueRequired\":true,\"valueName\":\"search_term_string\"}}],\"inLanguage\":\"es-ES\"}]}<\/script>\n<!-- \/ Yoast SEO plugin. -->","yoast_head_json":{"title":"Eco-Turismo - Hotel El Tajalin - Montezuma, Costa Rica","robots":{"index":"index","follow":"follow","max-snippet":"max-snippet:-1","max-image-preview":"max-image-preview:large","max-video-preview":"max-video-preview:-1"},"canonical":"https:\/\/tajalin.com\/es\/eco-turismo\/","og_locale":"es_ES","og_type":"article","og_title":"Eco-Turismo - Hotel El Tajalin - Montezuma, Costa Rica","og_description":"RESERVA NATURAL ABSOLUTA CABO BLANCO Ubicado en el extremo Sur de la Pen\u00ednsula de Nicoya, a s\u00f3lo 9 Km de Montezuma y con mas de 1000 H\u00e1 se encuentra la [&hellip;]","og_url":"https:\/\/tajalin.com\/es\/eco-turismo\/","og_site_name":"Hotel El Tajalin - Montezuma, Costa Rica","article_modified_time":"2015-05-19T16:56:41+00:00","og_image":[{"url":"https:\/\/moondog-hosting.com\/tajalin\/es_images\/left_image.gif","type":"","width":"","height":""}],"twitter_card":"summary_large_image","twitter_misc":{"Tiempo de lectura":"1 minute"},"schema":{"@context":"https:\/\/schema.org","@graph":[{"@type":"WebPage","@id":"https:\/\/tajalin.com\/es\/eco-turismo\/","url":"https:\/\/tajalin.com\/es\/eco-turismo\/","name":"Eco-Turismo - Hotel El Tajalin - Montezuma, Costa Rica","isPartOf":{"@id":"https:\/\/tajalin.com\/es\/#website"},"primaryImageOfPage":{"@id":"https:\/\/tajalin.com\/es\/eco-turismo\/#primaryimage"},"image":{"@id":"https:\/\/tajalin.com\/es\/eco-turismo\/#primaryimage"},"thumbnailUrl":"https:\/\/moondog-hosting.com\/tajalin\/es_images\/left_image.gif","datePublished":"2015-05-19T16:56:18+00:00","dateModified":"2015-05-19T16:56:41+00:00","breadcrumb":{"@id":"https:\/\/tajalin.com\/es\/eco-turismo\/#breadcrumb"},"inLanguage":"es-ES","potentialAction":[{"@type":"ReadAction","target":["https:\/\/tajalin.com\/es\/eco-turismo\/"]}]},{"@type":"ImageObject","inLanguage":"es-ES","@id":"https:\/\/tajalin.com\/es\/eco-turismo\/#primaryimage","url":"https:\/\/moondog-hosting.com\/tajalin\/es_images\/left_image.gif","contentUrl":"https:\/\/moondog-hosting.com\/tajalin\/es_images\/left_image.gif"},{"@type":"BreadcrumbList","@id":"https:\/\/tajalin.com\/es\/eco-turismo\/#breadcrumb","itemListElement":[{"@type":"ListItem","position":1,"name":"Home","item":"https:\/\/tajalin.com\/es\/"},{"@type":"ListItem","position":2,"name":"Eco-Turismo"}]},{"@type":"WebSite","@id":"https:\/\/tajalin.com\/es\/#website","url":"https:\/\/tajalin.com\/es\/","name":"Hotel El Tajalin - Montezuma, Costa Rica","description":"Alojamiento de alta calidad en Montezuma, Puntarenas, Costa Rica","potentialAction":[{"@type":"SearchAction","target":{"@type":"EntryPoint","urlTemplate":"https:\/\/tajalin.com\/es\/?s={search_term_string}"},"query-input":{"@type":"PropertyValueSpecification","valueRequired":true,"valueName":"search_term_string"}}],"inLanguage":"es-ES"}]}},"_links":{"self":[{"href":"https:\/\/tajalin.com\/es\/wp-json\/wp\/v2\/pages\/2644","targetHints":{"allow":["GET"]}}],"collection":[{"href":"https:\/\/tajalin.com\/es\/wp-json\/wp\/v2\/pages"}],"about":[{"href":"https:\/\/tajalin.com\/es\/wp-json\/wp\/v2\/types\/page"}],"author":[{"embeddable":true,"href":"https:\/\/tajalin.com\/es\/wp-json\/wp\/v2\/users\/1"}],"replies":[{"embeddable":true,"href":"https:\/\/tajalin.com\/es\/wp-json\/wp\/v2\/comments?post=2644"}],"version-history":[{"count":1,"href":"https:\/\/tajalin.com\/es\/wp-json\/wp\/v2\/pages\/2644\/revisions"}],"predecessor-version":[{"id":2645,"href":"https:\/\/tajalin.com\/es\/wp-json\/wp\/v2\/pages\/2644\/revisions\/2645"}],"wp:attachment":[{"href":"https:\/\/tajalin.com\/es\/wp-json\/wp\/v2\/media?parent=2644"}],"curies":[{"name":"wp","href":"https:\/\/api.w.org\/{rel}","templated":true}]}}