{"id":2584,"date":"2015-05-05T17:56:59","date_gmt":"2015-05-05T23:56:59","guid":{"rendered":"http:\/\/nicoyaproperties.com\/tajalin\/?page_id=2584"},"modified":"2025-03-17T11:58:19","modified_gmt":"2025-03-17T17:58:19","slug":"pura-vida-central-in-montezuma-costa-rica","status":"publish","type":"page","link":"https:\/\/tajalin.com\/es\/","title":{"rendered":"Hotel El Tajal\u00edn &#8211; hotel Montezuma Costa Rica"},"content":{"rendered":"<table width=\"184\" border=\"0\" cellspacing=\"0\" cellpadding=\"0\" align=\"right\">\n<tbody>\n<tr>\n<td><img loading=\"lazy\" decoding=\"async\" src=\"https:\/\/moondog-hosting.com\/tajalin\/es_images\/left_image.gif\" alt=\"\" height=\"157\" width=\"44\" border=\"0\"><\/td>\n<td><img loading=\"lazy\" decoding=\"async\" src=\"https:\/\/moondog-hosting.com\/tajalin\/es_images\/img_entrada.jpg\" alt=\"\" height=\"157\" width=\"208\" border=\"0\"><\/td>\n<td><img loading=\"lazy\" decoding=\"async\" src=\"https:\/\/moondog-hosting.com\/tajalin\/es_images\/right_image.gif\" alt=\"\" height=\"157\" width=\"12\" border=\"0\"><\/td>\n<td><img loading=\"lazy\" decoding=\"async\" src=\"https:\/\/moondog-hosting.com\/tajalin\/es_images\/spacer.gif\" alt=\"\" height=\"157\" width=\"2\" border=\"0\"><\/td>\n<\/tr>\n<\/tbody>\n<\/table>\n<p><span class='et-dropcap'>E<\/span>l Hotel El Tajal\u00edn &#8211; hotel Montezuma Costa Rica &#8211; est\u00e1 situado en el centro del Montezuma a pocos metros de la playa en la parte sur de la Pen\u00ednsula de Nicoya, zona que ofrece grandes atractivos, como cascadas, r\u00edos, playas de arena blanca, adem\u00e1s de la Reserva Natural Absoluta Cabo Blanco. El hotel ofrece habitaciones con ba\u00f1o privado, agua caliente y aire acondicionado. Algunas tienen refrigeradora. El Hotel El Tajal\u00edn tambi\u00e9n ofrece:<\/p>\n<ul>\n<li>Tours a la Cascada y a la Isla Tortuga\n\t    <\/li>\n<li>Habitaciones Standard y Superiores\n          <\/li>\n<li>Habitaciones Superiores con cajita de seguridad electr\u00f3nica y refrigeradora\n          <\/li>\n<li>Servicio de taxi al Aeropuerto Tambor o al Aeropuerto C\u00f3bano\n          <\/li>\n<li>Transporte desde el aeropuerto internacional Juan Santamar\u00eda  o desde<br \/>\n            cualquier lugar en la capital directo a Montezuma\n          <\/li>\n<li>Internet inal\u00e1mbrico WiFi gratuito\n<\/li>\n<\/ul>\n<h4>Algunos comentarios sobre nuestro hotel Montezuma Costa Rica:<\/h4>\n<p><em>COSTA RICA GUIDE<\/em> por Paul Glassman, Open Road Publishing:<br \/>\n          <em>&#8220;Hotel El Tajal\u00ecn: un hotel agradable con cuartos de buenas dimensiones: la mejor decisi\u00f3n si quiere permanecer en el coraz\u00f2n de Montezuma\u2026&#8221;<\/em><\/p>\n<table width=\"180\" border=\"0\" cellspacing=\"2\" cellpadding=\"0\" align=\"right\">\n<tbody>\n<tr>\n<td><img loading=\"lazy\" decoding=\"async\" src=\"https:\/\/moondog-hosting.com\/tajalin\/es_images\/left_image.gif\" alt=\"\" height=\"157\" width=\"44\" border=\"0\"><\/td>\n<td><img loading=\"lazy\" decoding=\"async\" src=\"https:\/\/moondog-hosting.com\/tajalin\/es_images\/img_info.jpg\" alt=\"\" height=\"157\" width=\"208\" border=\"0\"><\/td>\n<td><img loading=\"lazy\" decoding=\"async\" src=\"https:\/\/moondog-hosting.com\/tajalin\/es_images\/right_image.gif\" alt=\"\" height=\"157\" width=\"12\" border=\"0\"><\/td>\n<\/tr>\n<\/tbody>\n<\/table>\n<p><em>THE NEW KEY TO COSTA RICA<\/em> por Beatrice Blake &amp; Anne Becher, Ulysses Press: <br \/>\n          <em>&#8220;\u2026 hemos escuchado comentarios positivos referidos al Hotel El Tajal\u00edn\u2026&#8221;<\/em><\/p>\n<p>Lonely Planet:<br \/>\n          &#8220;\u2026uno de los lugares mas recientes es Hotel El Tajal\u00edn, el cual dispone de limpias y lindas habitaciones\u2026&#8221;<\/p>\n<p><em>EXPLORING COSTA RICA 2001<\/em>, The Tico Times:<br \/>\n          <em>&#8220;\u2026.algunos cuartos son muy grandes y con piso de madera\u2026&#8221;<\/em><\/p>\n<h4>Se aceptan pagos por PayPal y tarjetas de cr\u00e9dito Visa, Mastercard y American Express.<\/h4>\n<p>&nbsp;<\/p>\n<div style=\"display:none;\">\n[accommodation parent=&#8221;1940&#8243; count=&#8221;4&#8243; paging=&#8221;false&#8221;]<\/p>\n<p>[offer parent=&#8221;1824&#8243; count=&#8221;3&#8243; paging=&#8221;false&#8221;]\n<\/p><\/div>\n","protected":false},"excerpt":{"rendered":"<p>l Hotel El Tajal\u00edn &#8211; hotel Montezuma Costa Rica &#8211; est\u00e1 situado en el centro del Montezuma a pocos metros de la playa en la parte sur de la Pen\u00ednsula [&hellip;]<\/p>\n","protected":false},"author":1,"featured_media":0,"parent":0,"menu_order":0,"comment_status":"closed","ping_status":"closed","template":"","meta":{"_et_pb_use_builder":"","_et_pb_old_content":"","_et_gb_content_width":"","footnotes":""},"class_list":["post-2584","page","type-page","status-publish","hentry"],"yoast_head":"<!-- This site is optimized with the Yoast SEO plugin v27.2 - https:\/\/yoast.com\/product\/yoast-seo-wordpress\/ -->\n<title>Hotel El Tajal\u00edn - hotel Montezuma Costa Rica<\/title>\n<meta name=\"description\" content=\"El Hotel El Tajal\u00edn hotel Montezuma Costa Rica est\u00e1 situado en el centro del Montezuma a pocos metros de la playa en la parte sur de la Pen\u00ednsula de Nicoya\" \/>\n<meta name=\"robots\" content=\"index, follow, max-snippet:-1, max-image-preview:large, max-video-preview:-1\" \/>\n<link rel=\"canonical\" href=\"https:\/\/tajalin.com\/es\/\" \/>\n<meta property=\"og:locale\" content=\"es_ES\" \/>\n<meta property=\"og:type\" content=\"article\" \/>\n<meta property=\"og:title\" content=\"Hotel El Tajal\u00edn - hotel Montezuma Costa Rica\" \/>\n<meta property=\"og:description\" content=\"El Hotel El Tajal\u00edn hotel Montezuma Costa Rica est\u00e1 situado en el centro del Montezuma a pocos metros de la playa en la parte sur de la Pen\u00ednsula de Nicoya\" \/>\n<meta property=\"og:url\" content=\"https:\/\/tajalin.com\/es\/\" \/>\n<meta property=\"og:site_name\" content=\"Hotel El Tajalin - Montezuma, Costa Rica\" \/>\n<meta property=\"article:modified_time\" content=\"2025-03-17T17:58:19+00:00\" \/>\n<meta property=\"og:image\" content=\"https:\/\/moondog-hosting.com\/tajalin\/es_images\/left_image.gif\" \/>\n<meta name=\"twitter:card\" content=\"summary_large_image\" \/>\n<meta name=\"twitter:label1\" content=\"Tiempo de lectura\" \/>\n\t<meta name=\"twitter:data1\" content=\"3 minutes\" \/>\n<script type=\"application\/ld+json\" class=\"yoast-schema-graph\">{\"@context\":\"https:\/\/schema.org\",\"@graph\":[{\"@type\":\"WebPage\",\"@id\":\"https:\/\/tajalin.com\/es\/\",\"url\":\"https:\/\/tajalin.com\/es\/\",\"name\":\"Hotel El Tajal\u00edn - hotel Montezuma Costa Rica\",\"isPartOf\":{\"@id\":\"https:\/\/tajalin.com\/es\/#website\"},\"primaryImageOfPage\":{\"@id\":\"https:\/\/tajalin.com\/es\/#primaryimage\"},\"image\":{\"@id\":\"https:\/\/tajalin.com\/es\/#primaryimage\"},\"thumbnailUrl\":\"https:\/\/moondog-hosting.com\/tajalin\/es_images\/left_image.gif\",\"datePublished\":\"2015-05-05T23:56:59+00:00\",\"dateModified\":\"2025-03-17T17:58:19+00:00\",\"description\":\"El Hotel El Tajal\u00edn hotel Montezuma Costa Rica est\u00e1 situado en el centro del Montezuma a pocos metros de la playa en la parte sur de la Pen\u00ednsula de Nicoya\",\"breadcrumb\":{\"@id\":\"https:\/\/tajalin.com\/es\/#breadcrumb\"},\"inLanguage\":\"es-ES\",\"potentialAction\":[{\"@type\":\"ReadAction\",\"target\":[\"https:\/\/tajalin.com\/es\/\"]}]},{\"@type\":\"ImageObject\",\"inLanguage\":\"es-ES\",\"@id\":\"https:\/\/tajalin.com\/es\/#primaryimage\",\"url\":\"https:\/\/moondog-hosting.com\/tajalin\/es_images\/left_image.gif\",\"contentUrl\":\"https:\/\/moondog-hosting.com\/tajalin\/es_images\/left_image.gif\"},{\"@type\":\"BreadcrumbList\",\"@id\":\"https:\/\/tajalin.com\/es\/#breadcrumb\",\"itemListElement\":[{\"@type\":\"ListItem\",\"position\":1,\"name\":\"Home\",\"item\":\"https:\/\/tajalin.com\/es\/\"},{\"@type\":\"ListItem\",\"position\":2,\"name\":\"Hotel El Tajal\u00edn &#8211; hotel Montezuma Costa Rica\"}]},{\"@type\":\"WebSite\",\"@id\":\"https:\/\/tajalin.com\/es\/#website\",\"url\":\"https:\/\/tajalin.com\/es\/\",\"name\":\"Hotel El Tajalin - Montezuma, Costa Rica\",\"description\":\"Alojamiento de alta calidad en Montezuma, Puntarenas, Costa Rica\",\"potentialAction\":[{\"@type\":\"SearchAction\",\"target\":{\"@type\":\"EntryPoint\",\"urlTemplate\":\"https:\/\/tajalin.com\/es\/?s={search_term_string}\"},\"query-input\":{\"@type\":\"PropertyValueSpecification\",\"valueRequired\":true,\"valueName\":\"search_term_string\"}}],\"inLanguage\":\"es-ES\"}]}<\/script>\n<!-- \/ Yoast SEO plugin. -->","yoast_head_json":{"title":"Hotel El Tajal\u00edn - hotel Montezuma Costa Rica","description":"El Hotel El Tajal\u00edn hotel Montezuma Costa Rica est\u00e1 situado en el centro del Montezuma a pocos metros de la playa en la parte sur de la Pen\u00ednsula de Nicoya","robots":{"index":"index","follow":"follow","max-snippet":"max-snippet:-1","max-image-preview":"max-image-preview:large","max-video-preview":"max-video-preview:-1"},"canonical":"https:\/\/tajalin.com\/es\/","og_locale":"es_ES","og_type":"article","og_title":"Hotel El Tajal\u00edn - hotel Montezuma Costa Rica","og_description":"El Hotel El Tajal\u00edn hotel Montezuma Costa Rica est\u00e1 situado en el centro del Montezuma a pocos metros de la playa en la parte sur de la Pen\u00ednsula de Nicoya","og_url":"https:\/\/tajalin.com\/es\/","og_site_name":"Hotel El Tajalin - Montezuma, Costa Rica","article_modified_time":"2025-03-17T17:58:19+00:00","og_image":[{"url":"https:\/\/moondog-hosting.com\/tajalin\/es_images\/left_image.gif","type":"","width":"","height":""}],"twitter_card":"summary_large_image","twitter_misc":{"Tiempo de lectura":"3 minutes"},"schema":{"@context":"https:\/\/schema.org","@graph":[{"@type":"WebPage","@id":"https:\/\/tajalin.com\/es\/","url":"https:\/\/tajalin.com\/es\/","name":"Hotel El Tajal\u00edn - hotel Montezuma Costa Rica","isPartOf":{"@id":"https:\/\/tajalin.com\/es\/#website"},"primaryImageOfPage":{"@id":"https:\/\/tajalin.com\/es\/#primaryimage"},"image":{"@id":"https:\/\/tajalin.com\/es\/#primaryimage"},"thumbnailUrl":"https:\/\/moondog-hosting.com\/tajalin\/es_images\/left_image.gif","datePublished":"2015-05-05T23:56:59+00:00","dateModified":"2025-03-17T17:58:19+00:00","description":"El Hotel El Tajal\u00edn hotel Montezuma Costa Rica est\u00e1 situado en el centro del Montezuma a pocos metros de la playa en la parte sur de la Pen\u00ednsula de Nicoya","breadcrumb":{"@id":"https:\/\/tajalin.com\/es\/#breadcrumb"},"inLanguage":"es-ES","potentialAction":[{"@type":"ReadAction","target":["https:\/\/tajalin.com\/es\/"]}]},{"@type":"ImageObject","inLanguage":"es-ES","@id":"https:\/\/tajalin.com\/es\/#primaryimage","url":"https:\/\/moondog-hosting.com\/tajalin\/es_images\/left_image.gif","contentUrl":"https:\/\/moondog-hosting.com\/tajalin\/es_images\/left_image.gif"},{"@type":"BreadcrumbList","@id":"https:\/\/tajalin.com\/es\/#breadcrumb","itemListElement":[{"@type":"ListItem","position":1,"name":"Home","item":"https:\/\/tajalin.com\/es\/"},{"@type":"ListItem","position":2,"name":"Hotel El Tajal\u00edn &#8211; hotel Montezuma Costa Rica"}]},{"@type":"WebSite","@id":"https:\/\/tajalin.com\/es\/#website","url":"https:\/\/tajalin.com\/es\/","name":"Hotel El Tajalin - Montezuma, Costa Rica","description":"Alojamiento de alta calidad en Montezuma, Puntarenas, Costa Rica","potentialAction":[{"@type":"SearchAction","target":{"@type":"EntryPoint","urlTemplate":"https:\/\/tajalin.com\/es\/?s={search_term_string}"},"query-input":{"@type":"PropertyValueSpecification","valueRequired":true,"valueName":"search_term_string"}}],"inLanguage":"es-ES"}]}},"_links":{"self":[{"href":"https:\/\/tajalin.com\/es\/wp-json\/wp\/v2\/pages\/2584","targetHints":{"allow":["GET"]}}],"collection":[{"href":"https:\/\/tajalin.com\/es\/wp-json\/wp\/v2\/pages"}],"about":[{"href":"https:\/\/tajalin.com\/es\/wp-json\/wp\/v2\/types\/page"}],"author":[{"embeddable":true,"href":"https:\/\/tajalin.com\/es\/wp-json\/wp\/v2\/users\/1"}],"replies":[{"embeddable":true,"href":"https:\/\/tajalin.com\/es\/wp-json\/wp\/v2\/comments?post=2584"}],"version-history":[{"count":17,"href":"https:\/\/tajalin.com\/es\/wp-json\/wp\/v2\/pages\/2584\/revisions"}],"predecessor-version":[{"id":2979,"href":"https:\/\/tajalin.com\/es\/wp-json\/wp\/v2\/pages\/2584\/revisions\/2979"}],"wp:attachment":[{"href":"https:\/\/tajalin.com\/es\/wp-json\/wp\/v2\/media?parent=2584"}],"curies":[{"name":"wp","href":"https:\/\/api.w.org\/{rel}","templated":true}]}}